{"id":2,"date":"2016-05-10T03:48:21","date_gmt":"2016-05-10T03:48:21","guid":{"rendered":"http:\/\/classic-mail.de\/?page_id=2"},"modified":"2018-07-31T09:58:55","modified_gmt":"2018-07-31T09:58:55","slug":"sample-page","status":"publish","type":"page","link":"https:\/\/classic-mail.de\/","title":{"rendered":"Impressum"},"content":{"rendered":"<div class=\"fusion-fullwidth fullwidth-box nonhundred-percent-fullwidth non-hundred-percent-height-scrolling\">\n<div class=\"fusion-builder-row fusion-row \">\n<div class=\"fusion-layout-column fusion_builder_column fusion_builder_column_1_2 fusion-one-half fusion-column-first 1_2\">\n<div class=\"fusion-column-wrapper\" data-bg-url=\"\">\n<div class=\"fusion-text\">\n<p>Ein Service von:<\/p>\n<p>S4 Solutions GmbH<br \/>\nElsenberger M\u00fchle 5<br \/>\nD-66625 Nohfelden [Saarland] Germany<\/p>\n<p>AG Saarbr\u00fccken: HRB 101915 \u2013 Sitz St.Wendel<br \/>\nGesch\u00e4ftsf\u00fchrer: Markus Therre<\/p>\n<p>Umsatzsteuer-Identifikationsnummer gem\u00e4\u00df \u00a7 27 a Umsatzsteuergesetz: DE282082652<br \/>\nInhaltlich Verantwortlicher: Markus Therre (Anschrift s.o.)<\/p>\n<p><em>Unit Office K\u00f6ln<\/em><br \/>\nS4-Solutions GmbH<br \/>\nHohenzollernring 57<br \/>\nD-50672 K\u00f6ln<\/p>\n<p><em>Unit Office Koblenz<\/em><br \/>\nS4-Solutions GmbH<br \/>\nMauritiusstr. 45<br \/>\nD-56072 Koblenz<\/p>\n<\/div>\n<div class=\"fusion-clearfix\"><\/div>\n<\/div>\n<\/div>\n<div class=\"fusion-layout-column fusion_builder_column fusion_builder_column_1_2 fusion-one-half fusion-column-last 1_2\">\n<div class=\"fusion-column-wrapper\" data-bg-url=\"\">\n<div class=\"fusion-one-half one_half fusion-layout-column fusion-spacing-yes\">\n<div>DEUTSCHLAND<\/div>\n<p><i class=\"fa fa-phone-square fa-fw\"><\/i> phone +49 6851 973 919 00<\/p>\n<\/div>\n<div class=\"fusion-one-half one_half fusion-layout-column fusion-spacing-yes fusion-column-last\">\n<div>DEUTSCHLAND<\/div>\n<p><i class=\"fa fa-fax fa-fw\"><\/i> fax +49 6851 973 919 09<\/p>\n<\/div>\n<div class=\"fusion-one-half one_half fusion-layout-column fusion-spacing-yes\">\n<div>DEUTSCHLAND Unit K\u00f6ln<\/div>\n<p><i class=\"fa fa-phone-square fa-fw\"><\/i> phone +49 221 643 044 30<\/p>\n<\/div>\n<div class=\"fusion-one-half one_half fusion-layout-column fusion-spacing-yes fusion-column-last\">\n<div>DEUTSCHLAND Unit K\u00f6ln<\/div>\n<p><i class=\"fa fa-fax fa-fw\"><\/i> fax +49 221 643 044 39<\/p>\n<\/div>\n<div class=\"fusion-one-half one_half fusion-layout-column fusion-spacing-yes\">\n<div>SCHWEIZ<\/div>\n<p><i class=\"fa fa-phone-square fa-fw\"><\/i> phone +41 41 58807 21<\/p>\n<\/div>\n<div class=\"fusion-one-half one_half fusion-layout-column fusion-spacing-yes fusion-column-last\">\n<div>USA<\/div>\n<p><i class=\"fa fa-phone-square fa-fw\"><\/i> phone +1 650 753 00 49<\/p>\n<\/div>\n<div class=\"fusion-one-half one_half fusion-layout-column fusion-spacing-yes\">\n<div>INTERNATIONAL<\/div>\n<p><i class=\"fa fa-phone-square fa-fw\"><\/i> phone +44 203 129 128 4<\/p>\n<\/div>\n<div class=\"fusion-one-half one_half fusion-layout-column fusion-spacing-yes fusion-column-last\">\n<div>EMAIL<\/div>\n<p><i class=\"fa fa-envelope fa-fw\"><\/i> office@classic-mail.de<\/p>\n<\/div>\n<div class=\"fusion-clearfix\"><\/div>\n<\/div>\n<\/div>\n<\/div>\n<\/div>\n<div class=\"fusion-fullwidth fullwidth-box nonhundred-percent-fullwidth non-hundred-percent-height-scrolling\">\n<div class=\"fusion-builder-row fusion-row \">\n<div class=\"fusion-layout-column fusion_builder_column fusion_builder_column_1_1 fusion-one-full fusion-column-first fusion-column-last 1_1\">\n<div class=\"fusion-column-wrapper\" data-bg-url=\"\">\n<div class=\"fusion-sep-clear\">\n<hr \/>\n<\/div>\n<div class=\"fusion-separator sep-single sep-solid\">\n<p>Haftungsausschluss<\/p>\n<\/div>\n<\/div>\n<\/div>\n<\/div>\n<\/div>\n<div class=\"fusion-fullwidth fullwidth-box nonhundred-percent-fullwidth non-hundred-percent-height-scrolling\">\n<div class=\"fusion-builder-row fusion-row \">\n<div class=\"fusion-layout-column fusion_builder_column fusion_builder_column_1_2 fusion-one-half fusion-column-first 1_2\">\n<div class=\"fusion-column-wrapper\" data-bg-url=\"\">\n<div class=\"fusion-text\">\n<p data-fontsize=\"18\" data-lineheight=\"25\"><strong>1. Zugriffs- und Anwendungsbedingungen f\u00fcr diese Website<\/strong><\/p>\n<p data-fontsize=\"18\" data-lineheight=\"25\">Mit dem Zugriff auf diese Website und ihre Links erkl\u00e4ren Sie, dass Sie die nachfolgenden Anwendungsbedingungen und rechtlichen Informationen im Zusammenhang mit dieser Website (und den darin enthaltenen Elementen) verstanden haben und diese anerkennen. Sollten Sie mit diesen Bedingungen nicht einverstanden sein, unterlassen Sie den Zugriff auf diese Website.<\/p>\n<p data-fontsize=\"18\" data-lineheight=\"25\"><strong>2. Zweck dieser Website \/ Keine Gew\u00e4hrleistung<\/strong><\/p>\n<p data-fontsize=\"18\" data-lineheight=\"25\">Der Zweck dieser Website ist die Informationsvermittlung \u00fcber unser Unternehmen und unsere Dienstleistungen. Durch das Aufrufen dieser Website durch den Benutzer geht der Betreiber mit dem Benutzer keinerlei vertragliche Beziehung ein. Die publizierten Tools begr\u00fcnden weder eine Aufforderung zur Offertenstellung noch ein Angebot. Der Betreiber bem\u00fcht sich, die Inhalte auf dieser Website aktuell, vollst\u00e4ndig und richtig zu halten. Da diese Informationen jedoch raschen \u00c4nderungen unterliegen k\u00f6nnen, kann die Aktualit\u00e4t, Richtigkeit und Vollst\u00e4ndigkeit nicht vollst\u00e4ndig gew\u00e4hrleistet werden.<\/p>\n<p data-fontsize=\"18\" data-lineheight=\"25\">Die Angaben auf dieser Website stellen keine verbindlichen Entscheidungshilfen und Antworten auf Beratungsfragen dar, noch sollten aufgrund dieser Angaben arbeitsrechtliche oder andere Entscheide gef\u00e4llt werden. Jegliches Handeln, welches aufgrund der Angaben auf dieser Website getroffen wird, erfolgt auf das alleinige Risiko des Benutzers.<\/p>\n<p data-fontsize=\"18\" data-lineheight=\"25\"><strong>3. Funktionen dieser Website<\/strong><\/p>\n<p data-fontsize=\"18\" data-lineheight=\"25\">Der Betreiber\u00a0\u00fcbernimmt keine Verantwortung und gibt keine Garantie daf\u00fcr ab, dass die Funktionen auf ihrer Website dauernd und ununterbrochen zur Verf\u00fcgung stehen, fehlerfrei sind oder Fehler behoben werden oder das die Website oder die jeweiligen Server frei von Viren oder sonstigen sch\u00e4dlichen Bestandteilen sind.<\/p>\n<p data-fontsize=\"18\" data-lineheight=\"25\"><strong>4. Links<\/strong><\/p>\n<p data-fontsize=\"18\" data-lineheight=\"25\">Diese Website enth\u00e4lt Links zu Websites von Dritten. Deren Inhalte sind dem Einfluss des Betreibers\u00a0entzogen, weshalb weder f\u00fcr deren Richtigkeit, Vollst\u00e4ndigkeit und Rechtm\u00e4\u00dfigkeit irgendeine Gew\u00e4hrleistung \u00fcbernommen werden kann. Der Betreiber\u00a0\u00fcbernimmt daher keinerlei Haftung f\u00fcr die Inhalte auf den Seiten dieser Dritten.<\/p>\n<p data-fontsize=\"18\" data-lineheight=\"25\"><strong>5. Keine Sicherheit der Daten\u00fcbertragung<\/strong><\/p>\n<p data-fontsize=\"18\" data-lineheight=\"25\">Die E-Mail-Kommunikation findet grunds\u00e4tzlich \u00fcber ein offenes, jedermann zug\u00e4ngliches und grenz\u00fcberschreitendes Netz statt. Sie ist zudem unverschl\u00fcsselt. Es kann somit nicht ausgeschlossen werden, dass so gesendete Daten durch Dritte eingesehen und damit auch die Kontaktaufnahme zum Betreiber\u00a0nachvollzogen werden kann.<\/p>\n<p data-fontsize=\"18\" data-lineheight=\"25\"><strong>6. Haftungsausschluss<\/strong><\/p>\n<p data-fontsize=\"18\" data-lineheight=\"25\">Die Inhalte dieser Website beinhalten keinerlei Zusicherungen oder Garantien. Der Betreiber\u00a0haftet in keinem Fall, inklusive Fahrl\u00e4ssigkeit und Haftung gegen\u00fcber Drittpersonen, f\u00fcr allf\u00e4llige direkte, indirekte oder Folgesch\u00e4den, welche als Folge des Gebrauchs von Informationen und Material aus dieser Website oder durch den Zugriff \u00fcber Links auf andere Websites entstehen.<\/p>\n<p data-fontsize=\"18\" data-lineheight=\"25\"><strong>7. Copyright und andere Schutzrechte<\/strong><\/p>\n<p data-fontsize=\"18\" data-lineheight=\"25\">Der gesamte Inhalt der Website des Betreibers\u00a0ist urheberrechtlich gesch\u00fctzt. Alle Rechte sind vorbehalten. Das Logo des Betreibers\u00a0ist ein eingetragenes Markenzeichen. Durch den Zugriff auf die Website des Betreibers, das Herunterladen oder Kopieren von Daten dieser Website oder Teilen davon, werden dem Benutzer keinerlei Rechte am Inhalt, an der Software, einer eingetragenen Marke oder an sonst einem Element der Website einger\u00e4umt. Jegliche Modifikation, Reproduktion oder Benutzung der Website, des Logos des Betreibers\u00a0oder Teile davon f\u00fcr einen \u00f6ffentlichen oder kommerziellen Zweck ist ohne vorherige schriftliche Zustimmung durch den Betreiber\u00a0strikt untersagt.<\/p>\n<p data-fontsize=\"18\" data-lineheight=\"25\">Sofern Marken in redaktionellen Beitr\u00e4gen und Angeboten genannt werden, liegen die Rechte an diesen bei dem jeweiligen Eigent\u00fcmer.<\/p>\n<\/div>\n<p class=\"fusion-clearfix\">\n<\/div>\n<\/div>\n<div class=\"fusion-layout-column fusion_builder_column fusion_builder_column_1_2 fusion-one-half fusion-column-last 1_2\">\n<div class=\"fusion-column-wrapper\" data-bg-url=\"\">\n<p>Online-Streitbeilegung<\/p>\n<h6 data-fontsize=\"18\" data-lineheight=\"25\">Plattform der EU-Kommission zur Online-Streitbeilegung: <a href=\"https:\/\/ec.europa.eu\/consumers\/odr\">https:\/\/ec.europa.eu\/consumers\/odr<\/a><\/h6>\n<p class=\"fusion-clearfix\">\n<\/div>\n<\/div>\n<\/div>\n<\/div>\n","protected":false},"excerpt":{"rendered":"<p>Ein Service von: S4 Solutions GmbH Elsenberger M\u00fchle 5 D-66625 Nohfelden [Saarland] Germany AG Saarbr\u00fccken: HRB 101915 \u2013 Sitz St.Wendel Gesch\u00e4ftsf\u00fchrer: Markus Therre Umsatzsteuer-Identifikationsnummer gem\u00e4\u00df \u00a7 27 a Umsatzsteuergesetz: DE282082652 Inhaltlich Verantwortlicher: Markus Therre (Anschrift s.o.) Unit Office K\u00f6ln S4-Solutions GmbH Hohenzollernring 57 D-50672 K\u00f6ln Unit Office Koblenz S4-Solutions GmbH Mauritiusstr. 45 D-56072 Koblenz DEUTSCHLAND &hellip; <\/p>\n<p class=\"link-more\"><a href=\"https:\/\/classic-mail.de\/\" class=\"more-link\"><span class=\"screen-reader-text\">\u201eImpressum\u201c<\/span> weiterlesen<\/a><\/p>\n","protected":false},"author":1,"featured_media":0,"parent":0,"menu_order":0,"comment_status":"closed","ping_status":"open","template":"","meta":[],"_links":{"self":[{"href":"https:\/\/classic-mail.de\/index.php?rest_route=\/wp\/v2\/pages\/2"}],"collection":[{"href":"https:\/\/classic-mail.de\/index.php?rest_route=\/wp\/v2\/pages"}],"about":[{"href":"https:\/\/classic-mail.de\/index.php?rest_route=\/wp\/v2\/types\/page"}],"author":[{"embeddable":true,"href":"https:\/\/classic-mail.de\/index.php?rest_route=\/wp\/v2\/users\/1"}],"replies":[{"embeddable":true,"href":"https:\/\/classic-mail.de\/index.php?rest_route=%2Fwp%2Fv2%2Fcomments&post=2"}],"version-history":[{"count":4,"href":"https:\/\/classic-mail.de\/index.php?rest_route=\/wp\/v2\/pages\/2\/revisions"}],"predecessor-version":[{"id":9,"href":"https:\/\/classic-mail.de\/index.php?rest_route=\/wp\/v2\/pages\/2\/revisions\/9"}],"wp:attachment":[{"href":"https:\/\/classic-mail.de\/index.php?rest_route=%2Fwp%2Fv2%2Fmedia&parent=2"}],"curies":[{"name":"wp","href":"https:\/\/api.w.org\/{rel}","templated":true}]}}